{"id":1569,"date":"2019-05-14T17:40:35","date_gmt":"2019-05-14T17:40:35","guid":{"rendered":"https:\/\/landfrauen-feudenheim.de\/?page_id=1569"},"modified":"2026-01-04T19:56:52","modified_gmt":"2026-01-04T19:56:52","slug":"ueber-uns","status":"publish","type":"page","link":"https:\/\/landfrauen-feudenheim.de\/index.php\/ueber-uns\/","title":{"rendered":"\u00dcber uns"},"content":{"rendered":"<p>[et_pb_section fb_built=&#8220;1&#8243; _builder_version=&#8220;4.16&#8243; min_height=&#8220;807px&#8220; custom_padding=&#8220;35px|||||&#8220; global_colors_info=&#8220;{}&#8220;][et_pb_row _builder_version=&#8220;4.16&#8243; custom_margin=&#8220;-38px|auto||auto||&#8220; global_colors_info=&#8220;{}&#8220;][et_pb_column type=&#8220;4_4&#8243; _builder_version=&#8220;4.16&#8243; custom_padding=&#8220;|||&#8220; global_colors_info=&#8220;{}&#8220; custom_padding__hover=&#8220;|||&#8220;][et_pb_text _builder_version=&#8220;4.16&#8243; min_height=&#8220;49px&#8220; global_colors_info=&#8220;{}&#8220;]<\/p>\n<h2 style=\"text-align: center;\">\u00dcber uns<\/h2>\n<p>[\/et_pb_text][\/et_pb_column][\/et_pb_row][et_pb_row column_structure=&#8220;1_3,1_3,1_3&#8243; _builder_version=&#8220;4.16&#8243; min_height=&#8220;615px&#8220; custom_padding=&#8220;||10px|||&#8220; global_colors_info=&#8220;{}&#8220;][et_pb_column type=&#8220;1_3&#8243; _builder_version=&#8220;4.16&#8243; custom_padding=&#8220;|||&#8220; global_colors_info=&#8220;{}&#8220; custom_padding__hover=&#8220;|||&#8220;][et_pb_text _builder_version=&#8220;4.16&#8243; animation_style=&#8220;slide&#8220; animation_direction=&#8220;left&#8220; global_colors_info=&#8220;{}&#8220;]<\/p>\n<p>Der LandFrauenverband ist ein offener Verein f\u00fcr alle Frauen im l\u00e4ndlichen und st\u00e4dtischen Raum. Er hat ein ehrenamtliches F\u00fchrungsprinzip, ist stark in der Erwachsenenbildung engagiert und an der Gemeinschaftspflege interessiert.<\/p>\n<p>Der Ortsverein Feudenheim besteht derzeit aus ca. 95 Mitgliedern. Einige Frauen aus unserer Mitte stammen noch aus einer ehemaligen Landwirtschaft oder haben einen ehemaligen \u201eBauernsohn\u201c geheiratet.<\/p>\n<p>Die meisten unserer Mitglieder sind aber aufgrund der vielen Aktivit\u00e4ten, dem guten Bildungsprogramm und der Gemeinschaft dem Verein beigetreten.<\/p>\n<p>&nbsp;<\/p>\n<p>[\/et_pb_text][\/et_pb_column][et_pb_column type=&#8220;1_3&#8243; _builder_version=&#8220;4.16&#8243; custom_padding=&#8220;|||&#8220; global_colors_info=&#8220;{}&#8220; custom_padding__hover=&#8220;|||&#8220;][et_pb_text _builder_version=&#8220;4.16&#8243; animation_style=&#8220;slide&#8220; animation_direction=&#8220;bottom&#8220; global_colors_info=&#8220;{}&#8220;]<\/p>\n<p>Daneben machen wir Feudenheimer LandFrauen jedes Jahr einen gro\u00dfen Tagesausflug, bei dem auch unsere M\u00e4nner mitfahren d\u00fcrfen.<\/p>\n<p>Kleinere Unternehmungen in der n\u00e4heren Umgebung werden ebenfalls regelm\u00e4\u00dfig angeboten, wie z.B. Besuch der Synagoge in Mannheim, Betriebsbesichtigungen, Theater- und Kinobesuche mit anschlie\u00dfendem Essen, Wanderungen.<\/p>\n<p>Seit 10 Jahren laufen wir beim Feudenheimer Faschingsumzug mit und haben 2019 sogar den Pokal f\u00fcr das originellste Kost\u00fcm gewonnen.<\/p>\n<p>Auch der Feudenheimer Osterbrunnen auf dem Markplatz wird seit Jahren von flei\u00dfigen LandFrauen gestaltet und auf dem Ostermarkt sind wir mit einem Stand vor Ort.<\/p>\n<p>Auf dem Mannheimer Maimarkt bewirtschaften wir seit langem an einem Tag den Stand des Kreisverbandes und verk\u00f6stigen die Besucher mit leckeren Milchshakes.<\/p>\n<p>&nbsp;<\/p>\n<p>[\/et_pb_text][\/et_pb_column][et_pb_column type=&#8220;1_3&#8243; _builder_version=&#8220;4.16&#8243; custom_padding=&#8220;|||&#8220; global_colors_info=&#8220;{}&#8220; custom_padding__hover=&#8220;|||&#8220;][et_pb_text _builder_version=&#8220;4.16&#8243; animation_style=&#8220;slide&#8220; animation_direction=&#8220;right&#8220; global_colors_info=&#8220;{}&#8220;]<\/p>\n<p>Au\u00dferdem findet j\u00e4hrlich eine Weihnachtsfeier mit einem kleinen Programm statt. (ein Theaterst\u00fcck oder Sketch). Gerade die Proben hierzu sind immer mit sehr viel Spa\u00df verbunden und setzen viel Kreativit\u00e4t frei.<\/p>\n<p>Seit 2017 bieten wir mittwochs um 18 Uhr einen Zumba\u00ae Gold und um 19 Uhr einen Zumba\u00ae Fitness Kurs an. Diese werden sehr gut angenommen.<\/p>\n<p>Der Erl\u00f6s aus unseren Aktivit\u00e4ten spenden wir regelm\u00e4\u00dfig an regionale soziale Projekte z. B. den W\u00fcnschewagen, die Waldpiraten Heidelberge usw.\u00a0<\/p>\n<p>[\/et_pb_text][\/et_pb_column][\/et_pb_row][et_pb_row _builder_version=&#8220;4.16&#8243; global_colors_info=&#8220;{}&#8220;][et_pb_column type=&#8220;4_4&#8243; _builder_version=&#8220;4.16&#8243; custom_padding=&#8220;|||&#8220; global_colors_info=&#8220;{}&#8220; custom_padding__hover=&#8220;|||&#8220;][et_pb_divider _builder_version=&#8220;4.16&#8243; global_colors_info=&#8220;{}&#8220;][\/et_pb_divider][\/et_pb_column][\/et_pb_row][\/et_pb_section]<\/p>\n","protected":false},"excerpt":{"rendered":"<p>\u00dcber unsDer LandFrauenverband ist ein offener Verein f\u00fcr alle Frauen im l\u00e4ndlichen und st\u00e4dtischen Raum. Er hat ein ehrenamtliches F\u00fchrungsprinzip, ist stark in der Erwachsenenbildung engagiert und an der Gemeinschaftspflege interessiert. Der Ortsverein Feudenheim besteht derzeit aus ca. 95 Mitgliedern. Einige Frauen aus unserer Mitte stammen noch aus einer ehemaligen Landwirtschaft oder haben einen ehemaligen [&hellip;]<\/p>\n","protected":false},"author":2,"featured_media":0,"parent":0,"menu_order":0,"comment_status":"closed","ping_status":"closed","template":"","meta":{"_et_pb_use_builder":"on","_et_pb_old_content":"","_et_gb_content_width":"","footnotes":""},"class_list":["post-1569","page","type-page","status-publish","hentry"],"_links":{"self":[{"href":"https:\/\/landfrauen-feudenheim.de\/index.php\/wp-json\/wp\/v2\/pages\/1569","targetHints":{"allow":["GET"]}}],"collection":[{"href":"https:\/\/landfrauen-feudenheim.de\/index.php\/wp-json\/wp\/v2\/pages"}],"about":[{"href":"https:\/\/landfrauen-feudenheim.de\/index.php\/wp-json\/wp\/v2\/types\/page"}],"author":[{"embeddable":true,"href":"https:\/\/landfrauen-feudenheim.de\/index.php\/wp-json\/wp\/v2\/users\/2"}],"replies":[{"embeddable":true,"href":"https:\/\/landfrauen-feudenheim.de\/index.php\/wp-json\/wp\/v2\/comments?post=1569"}],"version-history":[{"count":2,"href":"https:\/\/landfrauen-feudenheim.de\/index.php\/wp-json\/wp\/v2\/pages\/1569\/revisions"}],"predecessor-version":[{"id":2896,"href":"https:\/\/landfrauen-feudenheim.de\/index.php\/wp-json\/wp\/v2\/pages\/1569\/revisions\/2896"}],"wp:attachment":[{"href":"https:\/\/landfrauen-feudenheim.de\/index.php\/wp-json\/wp\/v2\/media?parent=1569"}],"curies":[{"name":"wp","href":"https:\/\/api.w.org\/{rel}","templated":true}]}}